{"id":1995,"date":"2024-03-25T21:20:19","date_gmt":"2024-03-25T20:20:19","guid":{"rendered":"https:\/\/development-vakantie-costa-brava.com\/confirmation-de-reservation\/reservation-annulee\/"},"modified":"2024-03-25T21:20:19","modified_gmt":"2024-03-25T20:20:19","slug":"reservation-annulee","status":"publish","type":"page","link":"https:\/\/development-vakantie-costa-brava.com\/fr\/confirmation-de-reservation\/reservation-annulee\/","title":{"rendered":"R\u00e9servation annul\u00e9e"},"content":{"rendered":"<p>Votre r\u00e9servation est annul\u00e9e.<\/p>\n","protected":false},"excerpt":{"rendered":"<p>Votre r\u00e9servation est annul\u00e9e.<\/p>\n","protected":false},"author":1,"featured_media":0,"parent":1992,"menu_order":0,"comment_status":"closed","ping_status":"closed","template":"","meta":{"_et_pb_use_builder":"","_et_pb_old_content":"","_et_gb_content_width":"","footnotes":""},"class_list":["post-1995","page","type-page","status-publish","hentry"],"_links":{"self":[{"href":"https:\/\/development-vakantie-costa-brava.com\/fr\/wp-json\/wp\/v2\/pages\/1995","targetHints":{"allow":["GET"]}}],"collection":[{"href":"https:\/\/development-vakantie-costa-brava.com\/fr\/wp-json\/wp\/v2\/pages"}],"about":[{"href":"https:\/\/development-vakantie-costa-brava.com\/fr\/wp-json\/wp\/v2\/types\/page"}],"author":[{"embeddable":true,"href":"https:\/\/development-vakantie-costa-brava.com\/fr\/wp-json\/wp\/v2\/users\/1"}],"replies":[{"embeddable":true,"href":"https:\/\/development-vakantie-costa-brava.com\/fr\/wp-json\/wp\/v2\/comments?post=1995"}],"version-history":[{"count":0,"href":"https:\/\/development-vakantie-costa-brava.com\/fr\/wp-json\/wp\/v2\/pages\/1995\/revisions"}],"up":[{"embeddable":true,"href":"https:\/\/development-vakantie-costa-brava.com\/fr\/wp-json\/wp\/v2\/pages\/1992"}],"wp:attachment":[{"href":"https:\/\/development-vakantie-costa-brava.com\/fr\/wp-json\/wp\/v2\/media?parent=1995"}],"curies":[{"name":"wp","href":"https:\/\/api.w.org\/{rel}","templated":true}]}}